{"id":412,"date":"2024-03-26T15:34:18","date_gmt":"2024-03-26T14:34:18","guid":{"rendered":"https:\/\/tesiagrp.com\/?page_id=412"},"modified":"2026-04-11T17:03:23","modified_gmt":"2026-04-11T15:03:23","slug":"a-propos","status":"publish","type":"page","link":"https:\/\/tesiagrp.com\/index.php\/a-propos\/","title":{"rendered":"a-propos"},"content":{"rendered":"\t\t<div data-elementor-type=\"wp-page\" data-elementor-id=\"412\" class=\"elementor elementor-412\" data-elementor-post-type=\"page\">\n\t\t\t\t<div class=\"elementor-element elementor-element-28c23e8 e-flex e-con-boxed e-con e-parent\" data-id=\"28c23e8\" data-element_type=\"container\" data-e-type=\"container\" data-settings=\"{&quot;background_background&quot;:&quot;classic&quot;}\">\n\t\t\t\t\t<div class=\"e-con-inner\">\n\t\t\t\t<div class=\"elementor-element elementor-element-08bfbd2 elementor-widget elementor-widget-heading\" data-id=\"08bfbd2\" data-element_type=\"widget\" data-e-type=\"widget\" data-widget_type=\"heading.default\">\n\t\t\t\t<div class=\"elementor-widget-container\">\n\t\t\t\t\t<h2 class=\"elementor-heading-title elementor-size-default\">Apprenez \u00e0 nous conna\u00eetre<\/h2>\t\t\t\t<\/div>\n\t\t\t\t<\/div>\n\t\t\t\t\t<\/div>\n\t\t\t\t<\/div>\n\t\t<div class=\"elementor-element elementor-element-b1c67fa e-flex e-con-boxed e-con e-parent\" data-id=\"b1c67fa\" data-element_type=\"container\" data-e-type=\"container\">\n\t\t\t\t\t<div class=\"e-con-inner\">\n\t\t\t\t<div class=\"elementor-element elementor-element-e0f43fe elementor-widget elementor-widget-heading\" data-id=\"e0f43fe\" data-element_type=\"widget\" data-e-type=\"widget\" data-widget_type=\"heading.default\">\n\t\t\t\t<div class=\"elementor-widget-container\">\n\t\t\t\t\t<h2 class=\"elementor-heading-title elementor-size-default\">Vous pouvez r\u00e9aliser un ou plusieurs projets.<\/h2>\t\t\t\t<\/div>\n\t\t\t\t<\/div>\n\t\t\t\t\t<\/div>\n\t\t\t\t<\/div>\n\t\t<div class=\"elementor-element elementor-element-cf878a9 e-flex e-con-boxed e-con e-parent\" data-id=\"cf878a9\" data-element_type=\"container\" data-e-type=\"container\">\n\t\t\t\t\t<div class=\"e-con-inner\">\n\t\t<div class=\"elementor-element elementor-element-ff4cc2c e-con-full e-flex e-con e-child\" data-id=\"ff4cc2c\" data-element_type=\"container\" data-e-type=\"container\">\n\t\t\t\t<div class=\"elementor-element elementor-element-de359dc elementor-widget elementor-widget-image\" data-id=\"de359dc\" data-element_type=\"widget\" data-e-type=\"widget\" data-widget_type=\"image.default\">\n\t\t\t\t<div class=\"elementor-widget-container\">\n\t\t\t\t\t\t\t\t\t\t\t\t\t\t\t<img fetchpriority=\"high\" decoding=\"async\" width=\"700\" height=\"608\" src=\"https:\/\/tesiagrp.com\/wp-content\/uploads\/2026\/04\/Business-Team-1.jpg\" class=\"attachment-large size-large wp-image-1162\" alt=\"\" srcset=\"https:\/\/tesiagrp.com\/wp-content\/uploads\/2026\/04\/Business-Team-1.jpg 700w, https:\/\/tesiagrp.com\/wp-content\/uploads\/2026\/04\/Business-Team-1-300x261.jpg 300w\" sizes=\"(max-width: 700px) 100vw, 700px\" \/>\t\t\t\t\t\t\t\t\t\t\t\t\t\t\t<\/div>\n\t\t\t\t<\/div>\n\t\t\t\t<\/div>\n\t\t<div class=\"elementor-element elementor-element-5b6552d e-con-full e-flex e-con e-child\" data-id=\"5b6552d\" data-element_type=\"container\" data-e-type=\"container\">\n\t\t\t\t<div class=\"elementor-element elementor-element-8143566 elementor-widget elementor-widget-heading\" data-id=\"8143566\" data-element_type=\"widget\" data-e-type=\"widget\" data-widget_type=\"heading.default\">\n\t\t\t\t<div class=\"elementor-widget-container\">\n\t\t\t\t\t<h2 class=\"elementor-heading-title elementor-size-default\">TESIA, votre partenaire de confiance pour tous vos projets. <\/h2>\t\t\t\t<\/div>\n\t\t\t\t<\/div>\n\t\t\t\t<div class=\"elementor-element elementor-element-00695e4 elementor-widget elementor-widget-text-editor\" data-id=\"00695e4\" data-element_type=\"widget\" data-e-type=\"widget\" data-widget_type=\"text-editor.default\">\n\t\t\t\t<div class=\"elementor-widget-container\">\n\t\t\t\t\t\t\t\t\t<p data-start=\"0\" data-end=\"219\"><b>TESIA <\/b>est un organisme sp\u00e9cialis\u00e9 dans l\u2019octroi de cr\u00e9dits personnels. Nous vous proposons une gamme de pr\u00eats \u00e0 taux avantageux pour financer tous vos projets : travaux, d\u00e9coration, automobile ou besoins personnels.<\/p><p data-start=\"221\" data-end=\"501\">\u00catre une entreprise partenaire, c\u2019est accompagner ses clients \u00e0 chaque \u00e9tape de leur vie, en leur offrant un service de qualit\u00e9. C\u2019est fournir des r\u00e9ponses claires et rapides \u00e0 chaque demande. C\u2019est aussi pouvoir compter sur une \u00e9quipe d\u2019experts du cr\u00e9dit, r\u00e9guli\u00e8rement form\u00e9s.<\/p><p data-start=\"503\" data-end=\"631\" data-is-last-node=\"\" data-is-only-node=\"\">\u00catre une entreprise de cr\u00e9dit responsable, c\u2019est enfin accepter les contr\u00f4les les plus rigoureux. <b>TESIA <\/b>s\u2019y engage pleinement.<\/p>\t\t\t\t\t\t\t\t<\/div>\n\t\t\t\t<\/div>\n\t\t\t\t<div class=\"elementor-element elementor-element-d2e185c elementor-mobile-align-center elementor-widget elementor-widget-button\" data-id=\"d2e185c\" data-element_type=\"widget\" data-e-type=\"widget\" data-widget_type=\"button.default\">\n\t\t\t\t<div class=\"elementor-widget-container\">\n\t\t\t\t\t\t\t\t\t<div class=\"elementor-button-wrapper\">\n\t\t\t\t\t<a class=\"elementor-button elementor-button-link elementor-size-sm\" href=\"https:\/\/tesiagrp.com\/index.php\/demander-un-credit\/\">\n\t\t\t\t\t\t<span class=\"elementor-button-content-wrapper\">\n\t\t\t\t\t\t\t\t\t<span class=\"elementor-button-text\">Demander un cr\u00e9dit<\/span>\n\t\t\t\t\t<\/span>\n\t\t\t\t\t<\/a>\n\t\t\t\t<\/div>\n\t\t\t\t\t\t\t\t<\/div>\n\t\t\t\t<\/div>\n\t\t\t\t<\/div>\n\t\t\t\t\t<\/div>\n\t\t\t\t<\/div>\n\t\t<div class=\"elementor-element elementor-element-fd68ad6 e-flex e-con-boxed e-con e-parent\" data-id=\"fd68ad6\" data-element_type=\"container\" data-e-type=\"container\">\n\t\t\t\t\t<div class=\"e-con-inner\">\n\t\t<div class=\"elementor-element elementor-element-05fa2d4 e-grid e-con-boxed e-con e-child\" data-id=\"05fa2d4\" data-element_type=\"container\" data-e-type=\"container\">\n\t\t\t\t\t<div class=\"e-con-inner\">\n\t\t\t\t<div class=\"elementor-element elementor-element-50fd445 elementor-widget elementor-widget-heading\" data-id=\"50fd445\" data-element_type=\"widget\" data-e-type=\"widget\" data-widget_type=\"heading.default\">\n\t\t\t\t<div class=\"elementor-widget-container\">\n\t\t\t\t\t<p class=\"elementor-heading-title elementor-size-default\">Notre mission : rendre la finance simple, accessible et digitale<br><br><br>Bienvenue chez TESIA Finance, votre partenaire de confiance pour toutes vos solutions financi\u00e8res. Depuis notre cr\u00e9ation, nous nous engageons \u00e0 offrir des services de cr\u00e9dit adapt\u00e9s aux besoins des particuliers et des entreprises, avec rapidit\u00e9, transparence et professionnalisme.<\/p>\t\t\t\t<\/div>\n\t\t\t\t<\/div>\n\t\t\t\t<div class=\"elementor-element elementor-element-a060b73 elementor-widget elementor-widget-heading\" data-id=\"a060b73\" data-element_type=\"widget\" data-e-type=\"widget\" data-widget_type=\"heading.default\">\n\t\t\t\t<div class=\"elementor-widget-container\">\n\t\t\t\t\t<p class=\"elementor-heading-title elementor-size-default\">Les principes qui guident nos d\u00e9cisions<br><br>\nTransparence :\nNous croyons en une institution financi\u00e8re transparente. Nos offres sont simples, lisibles et transparentes. <br><br>Innovation :\nNous investissons continuellement dans les technologies financi\u00e8res afin d'am\u00e9liorer l'exp\u00e9rience.\n<br><br>\nAccessibilit\u00e9 :\nNos services sont con\u00e7us pour \u00eatre accessibles \u00e0 tous, particuliers comme entreprises.\n\n<\/p>\t\t\t\t<\/div>\n\t\t\t\t<\/div>\n\t\t\t\t<div class=\"elementor-element elementor-element-1622834 elementor-widget elementor-widget-heading\" data-id=\"1622834\" data-element_type=\"widget\" data-e-type=\"widget\" data-widget_type=\"heading.default\">\n\t\t\t\t<div class=\"elementor-widget-container\">\n\t\t\t\t\t<p class=\"elementor-heading-title elementor-size-default\">Notre mission\n<br><br>Chez TESIA Finance, notre mission est simple : faciliter l\u2019acc\u00e8s au financement pour tous. Que vous soyez un particulier souhaitant r\u00e9aliser un projet personnel ou une entreprise cherchant \u00e0 soutenir sa croissance, nous mettons \u00e0 votre disposition des solutions de cr\u00e9dit sur mesure, con\u00e7ues pour r\u00e9pondre \u00e0 vos exigences et votre situation financi\u00e8re.<\/p>\t\t\t\t<\/div>\n\t\t\t\t<\/div>\n\t\t\t\t<div class=\"elementor-element elementor-element-530c40e elementor-widget elementor-widget-heading\" data-id=\"530c40e\" data-element_type=\"widget\" data-e-type=\"widget\" data-widget_type=\"heading.default\">\n\t\t\t\t<div class=\"elementor-widget-container\">\n\t\t\t\t\t<p class=\"elementor-heading-title elementor-size-default\">Notre Expertise<br><br>\nUne \u00e9quipe compos\u00e9e de sp\u00e9cialistes de la finance.<br>\nNotre \u00e9quipe regroupe des professionnels issus de diff\u00e9rents secteurs :\n\nbanque internationale,\n\nfintech,\n\ngestion d\u2019actifs,\n\ning\u00e9nierie financi\u00e8re,\n\ncybers\u00e9curit\u00e9. <br><br>Cette diversit\u00e9 d\u2019expertise nous permet de concevoir des solutions financi\u00e8res robustes et innovantes.<\/p>\t\t\t\t<\/div>\n\t\t\t\t<\/div>\n\t\t\t\t\t<\/div>\n\t\t\t\t<\/div>\n\t\t\t\t\t<\/div>\n\t\t\t\t<\/div>\n\t\t\t\t<\/div>\n\t\t","protected":false},"excerpt":{"rendered":"<p>Apprenez \u00e0 nous conna\u00eetre Vous pouvez r\u00e9aliser un ou plusieurs projets. TESIA, votre partenaire de confiance pour tous vos projets. TESIA est un organisme sp\u00e9cialis\u00e9 dans l\u2019octroi de cr\u00e9dits personnels. Nous vous proposons une gamme de pr\u00eats \u00e0 taux avantageux pour financer tous vos projets : travaux, d\u00e9coration, automobile ou besoins personnels. \u00catre une entreprise [&hellip;]<\/p>\n","protected":false},"author":1,"featured_media":0,"parent":0,"menu_order":0,"comment_status":"closed","ping_status":"closed","template":"elementor_header_footer","meta":{"footnotes":""},"class_list":["post-412","page","type-page","status-publish","hentry"],"_links":{"self":[{"href":"https:\/\/tesiagrp.com\/index.php\/wp-json\/wp\/v2\/pages\/412","targetHints":{"allow":["GET"]}}],"collection":[{"href":"https:\/\/tesiagrp.com\/index.php\/wp-json\/wp\/v2\/pages"}],"about":[{"href":"https:\/\/tesiagrp.com\/index.php\/wp-json\/wp\/v2\/types\/page"}],"author":[{"embeddable":true,"href":"https:\/\/tesiagrp.com\/index.php\/wp-json\/wp\/v2\/users\/1"}],"replies":[{"embeddable":true,"href":"https:\/\/tesiagrp.com\/index.php\/wp-json\/wp\/v2\/comments?post=412"}],"version-history":[{"count":97,"href":"https:\/\/tesiagrp.com\/index.php\/wp-json\/wp\/v2\/pages\/412\/revisions"}],"predecessor-version":[{"id":1165,"href":"https:\/\/tesiagrp.com\/index.php\/wp-json\/wp\/v2\/pages\/412\/revisions\/1165"}],"wp:attachment":[{"href":"https:\/\/tesiagrp.com\/index.php\/wp-json\/wp\/v2\/media?parent=412"}],"curies":[{"name":"wp","href":"https:\/\/api.w.org\/{rel}","templated":true}]}}