{"id":137,"date":"2024-03-22T14:08:27","date_gmt":"2024-03-22T13:08:27","guid":{"rendered":"https:\/\/tesiagrp.com\/?page_id=137"},"modified":"2026-04-11T17:55:45","modified_gmt":"2026-04-11T15:55:45","slug":"rachat-de-credit","status":"publish","type":"page","link":"https:\/\/tesiagrp.com\/index.php\/rachat-de-credit\/","title":{"rendered":"Rachat de cr\u00e9dit"},"content":{"rendered":"\t\t<div data-elementor-type=\"wp-page\" data-elementor-id=\"137\" class=\"elementor elementor-137\" data-elementor-post-type=\"page\">\n\t\t\t\t<div class=\"elementor-element elementor-element-deef572 e-flex e-con-boxed e-con e-parent\" data-id=\"deef572\" data-element_type=\"container\" data-e-type=\"container\" data-settings=\"{&quot;background_background&quot;:&quot;classic&quot;}\">\n\t\t\t\t\t<div class=\"e-con-inner\">\n\t\t\t\t<div class=\"elementor-element elementor-element-dbb5222 elementor-widget elementor-widget-heading\" data-id=\"dbb5222\" data-element_type=\"widget\" data-e-type=\"widget\" data-widget_type=\"heading.default\">\n\t\t\t\t<div class=\"elementor-widget-container\">\n\t\t\t\t\t<h2 class=\"elementor-heading-title elementor-size-default\">Rachat de cr\u00e9dit<\/h2>\t\t\t\t<\/div>\n\t\t\t\t<\/div>\n\t\t\t\t\t<\/div>\n\t\t\t\t<\/div>\n\t\t<div class=\"elementor-element elementor-element-56523e5 e-flex e-con-boxed e-con e-parent\" data-id=\"56523e5\" data-element_type=\"container\" data-e-type=\"container\">\n\t\t\t\t\t<div class=\"e-con-inner\">\n\t\t\t\t<div class=\"elementor-element elementor-element-ab4f13d elementor-widget elementor-widget-heading\" data-id=\"ab4f13d\" data-element_type=\"widget\" data-e-type=\"widget\" data-widget_type=\"heading.default\">\n\t\t\t\t<div class=\"elementor-widget-container\">\n\t\t\t\t\t<h2 class=\"elementor-heading-title elementor-size-default\">Regroupement de cr\u00e9dits avec TESIA  : Simplifiez votre vie financi\u00e8re et all\u00e9gez vos mensualit\u00e9s<\/h2>\t\t\t\t<\/div>\n\t\t\t\t<\/div>\n\t\t\t\t<div class=\"elementor-element elementor-element-b76982e elementor-widget elementor-widget-text-editor\" data-id=\"b76982e\" data-element_type=\"widget\" data-e-type=\"widget\" data-widget_type=\"text-editor.default\">\n\t\t\t\t<div class=\"elementor-widget-container\">\n\t\t\t\t\t\t\t\t\t<p data-sourcepos=\"3:1-3:7\"><strong>Un seul cr\u00e9dit, une seule mensualit\u00e9, un souffle nouveau pour votre budget<\/strong><\/p><p data-sourcepos=\"5:1-5:84\">Vous vous sentez \u00e9touff\u00e9 par le poids de multiples cr\u00e9dits en cours, chacun avec ses propres mensualit\u00e9s et taux d&rsquo;int\u00e9r\u00eat ? Le cumul de ces remboursements grignote votre budget, vous laissant peu de marge de man\u0153uvre pour vos projets et vos envies ? Le regroupement de cr\u00e9dits personnels propos\u00e9 par <strong>TESIA<\/strong> est la solution id\u00e9ale pour retrouver une s\u00e9r\u00e9nit\u00e9 financi\u00e8re et reprendre le contr\u00f4le de votre budget.<\/p>\t\t\t\t\t\t\t\t<\/div>\n\t\t\t\t<\/div>\n\t\t\t\t<div class=\"elementor-element elementor-element-43d8963 elementor-widget elementor-widget-image\" data-id=\"43d8963\" data-element_type=\"widget\" data-e-type=\"widget\" data-widget_type=\"image.default\">\n\t\t\t\t<div class=\"elementor-widget-container\">\n\t\t\t\t\t\t\t\t\t\t\t\t\t\t\t<img fetchpriority=\"high\" decoding=\"async\" width=\"800\" height=\"456\" src=\"https:\/\/tesiagrp.com\/wp-content\/uploads\/2026\/04\/conso-credit-renouvelable-ou-pret-perso-1240-Copie-e1773133005335-1024x584.jpg\" class=\"attachment-large size-large wp-image-1245\" alt=\"\" srcset=\"https:\/\/tesiagrp.com\/wp-content\/uploads\/2026\/04\/conso-credit-renouvelable-ou-pret-perso-1240-Copie-e1773133005335-1024x584.jpg 1024w, https:\/\/tesiagrp.com\/wp-content\/uploads\/2026\/04\/conso-credit-renouvelable-ou-pret-perso-1240-Copie-e1773133005335-300x171.jpg 300w, https:\/\/tesiagrp.com\/wp-content\/uploads\/2026\/04\/conso-credit-renouvelable-ou-pret-perso-1240-Copie-e1773133005335-768x438.jpg 768w, https:\/\/tesiagrp.com\/wp-content\/uploads\/2026\/04\/conso-credit-renouvelable-ou-pret-perso-1240-Copie-e1773133005335.jpg 1240w\" sizes=\"(max-width: 800px) 100vw, 800px\" \/>\t\t\t\t\t\t\t\t\t\t\t\t\t\t\t<\/div>\n\t\t\t\t<\/div>\n\t\t\t\t<div class=\"elementor-element elementor-element-a28cbba elementor-align-center elementor-widget elementor-widget-button\" data-id=\"a28cbba\" data-element_type=\"widget\" data-e-type=\"widget\" data-widget_type=\"button.default\">\n\t\t\t\t<div class=\"elementor-widget-container\">\n\t\t\t\t\t\t\t\t\t<div class=\"elementor-button-wrapper\">\n\t\t\t\t\t<a class=\"elementor-button elementor-button-link elementor-size-sm\" href=\"https:\/\/tesiagrp.com\/index.php\/demander-un-credit\/\">\n\t\t\t\t\t\t<span class=\"elementor-button-content-wrapper\">\n\t\t\t\t\t\t\t\t\t<span class=\"elementor-button-text\">Demander un cr\u00e9dit<\/span>\n\t\t\t\t\t<\/span>\n\t\t\t\t\t<\/a>\n\t\t\t\t<\/div>\n\t\t\t\t\t\t\t\t<\/div>\n\t\t\t\t<\/div>\n\t\t\t\t\t<\/div>\n\t\t\t\t<\/div>\n\t\t<div class=\"elementor-element elementor-element-a295e3f e-flex e-con-boxed e-con e-parent\" data-id=\"a295e3f\" data-element_type=\"container\" data-e-type=\"container\">\n\t\t\t\t\t<div class=\"e-con-inner\">\n\t\t\t\t<div class=\"elementor-element elementor-element-2040d96 elementor-widget elementor-widget-heading\" data-id=\"2040d96\" data-element_type=\"widget\" data-e-type=\"widget\" data-widget_type=\"heading.default\">\n\t\t\t\t<div class=\"elementor-widget-container\">\n\t\t\t\t\t<h2 class=\"elementor-heading-title elementor-size-default\">Pourquoi choisir le regroupement de cr\u00e9dits avec TESIA ?<\/h2>\t\t\t\t<\/div>\n\t\t\t\t<\/div>\n\t\t\t\t<div class=\"elementor-element elementor-element-8a734f5 elementor-widget elementor-widget-text-editor\" data-id=\"8a734f5\" data-element_type=\"widget\" data-e-type=\"widget\" data-widget_type=\"text-editor.default\">\n\t\t\t\t<div class=\"elementor-widget-container\">\n\t\t\t\t\t\t\t\t\t<ul data-sourcepos=\"13:1-15:30\"><li data-sourcepos=\"13:1-13:298\"><strong>Une solution personnalis\u00e9e :<\/strong> Nous comprenons que chaque situation est unique. C&rsquo;est pourquoi nous \u00e9tudions votre dossier avec attention et vous proposons une solution de regroupement de cr\u00e9dits sur-mesure, adapt\u00e9e \u00e0 vos besoins sp\u00e9cifiques, \u00e0 votre capacit\u00e9 de remboursement et \u00e0 vos projets.<\/li><li data-sourcepos=\"14:1-14:175\"><strong>Des taux comp\u00e9titifs :<\/strong>\u00a0Nous n\u00e9gocions pour vous les meilleures conditions aupr\u00e8s de nos partenaires bancaires, afin de vous offrir un taux d&rsquo;int\u00e9r\u00eat unique et attractif.<\/li><li data-sourcepos=\"15:1-15:30\"><strong>Un accompagnement de A \u00e0 Z :<\/strong>\u00a0Notre \u00e9quipe d&rsquo;experts vous guide \u00e0 chaque \u00e9tape du processus, de la simulation \u00e0 la signature du contrat, en passant par l&rsquo;analyse de votre dossier et le rachat de vos cr\u00e9dits existants.<\/li><li data-sourcepos=\"16:1-16:214\"><strong>Une transparence totale :<\/strong>\u00a0Nous croyons en une relation de confiance bas\u00e9e sur la transparence. Nos offres sont claires et d\u00e9taill\u00e9es, sans frais cach\u00e9s. Vous savez exactement ce que vous payez, d\u00e8s le d\u00e9part.<\/li><li data-sourcepos=\"17:1-17:192\"><strong>Une grande flexibilit\u00e9 :<\/strong>\u00a0Nous vous offrons la possibilit\u00e9 de moduler vos mensualit\u00e9s ou de proc\u00e9der \u00e0 des remboursements anticip\u00e9s, si votre situation financi\u00e8re le permet, sans p\u00e9nalit\u00e9.<\/li><\/ul>\t\t\t\t\t\t\t\t<\/div>\n\t\t\t\t<\/div>\n\t\t\t\t<div class=\"elementor-element elementor-element-779bf98 elementor-widget elementor-widget-text-editor\" data-id=\"779bf98\" data-element_type=\"widget\" data-e-type=\"widget\" data-widget_type=\"text-editor.default\">\n\t\t\t\t<div class=\"elementor-widget-container\">\n\t\t\t\t\t\t\t\t\t<p data-sourcepos=\"28:1-28:63\"><strong>Les avantages du regroupement de cr\u00e9dits : un r\u00e9capitulatif<\/strong><\/p><ul data-sourcepos=\"30:1-35:0\"><li data-sourcepos=\"30:1-30:79\"><strong>Simplicit\u00e9 :<\/strong>\u00a0Un seul cr\u00e9dit, un seul interlocuteur, une seule mensualit\u00e9.<\/li><li data-sourcepos=\"31:1-31:87\"><strong>\u00c9conomie :<\/strong>\u00a0R\u00e9duction des mensualit\u00e9s et potentiellement du taux d&rsquo;int\u00e9r\u00eat global.<\/li><li data-sourcepos=\"32:1-32:84\"><strong>Visibilit\u00e9 :<\/strong>\u00a0Meilleure ma\u00eetrise de votre budget gr\u00e2ce \u00e0 une mensualit\u00e9 unique.<\/li><li data-sourcepos=\"33:1-33:90\"><strong>Pr\u00e9vention du surendettement :<\/strong>\u00a0Une solution pour \u00e9viter les difficult\u00e9s financi\u00e8res.<\/li><li data-sourcepos=\"34:1-35:0\"><strong>Financement de nouveaux projets :<\/strong>\u00a0Possibilit\u00e9 d&rsquo;inclure un nouveau projet dans le regroupement.<\/li><\/ul>\t\t\t\t\t\t\t\t<\/div>\n\t\t\t\t<\/div>\n\t\t\t\t\t<\/div>\n\t\t\t\t<\/div>\n\t\t<div class=\"elementor-element elementor-element-39857b9 e-flex e-con-boxed e-con e-parent\" data-id=\"39857b9\" data-element_type=\"container\" data-e-type=\"container\">\n\t\t\t\t\t<div class=\"e-con-inner\">\n\t\t<div class=\"elementor-element elementor-element-2bdde58 e-flex e-con-boxed e-con e-child\" data-id=\"2bdde58\" data-element_type=\"container\" data-e-type=\"container\">\n\t\t\t\t\t<div class=\"e-con-inner\">\n\t\t<div class=\"elementor-element elementor-element-82fc4af e-flex e-con-boxed e-con e-child\" data-id=\"82fc4af\" data-element_type=\"container\" data-e-type=\"container\">\n\t\t\t\t\t<div class=\"e-con-inner\">\n\t\t<div class=\"elementor-element elementor-element-0c87bb4 e-flex e-con-boxed e-con e-child\" data-id=\"0c87bb4\" data-element_type=\"container\" data-e-type=\"container\">\n\t\t\t\t\t<div class=\"e-con-inner\">\n\t\t\t\t<div class=\"elementor-element elementor-element-55be37b elementor-cta--skin-classic elementor-animated-content elementor-bg-transform elementor-bg-transform-zoom-in elementor-widget elementor-widget-call-to-action\" data-id=\"55be37b\" data-element_type=\"widget\" data-e-type=\"widget\" data-widget_type=\"call-to-action.default\">\n\t\t\t\t<div class=\"elementor-widget-container\">\n\t\t\t\t\t\t\t<div class=\"elementor-cta\">\n\t\t\t\t\t\t\t<div class=\"elementor-cta__content\">\n\t\t\t\t\n\t\t\t\t\t\t\t\t\t<h2 class=\"elementor-cta__title elementor-cta__content-item elementor-content-item\">\n\t\t\t\t\t\tVous h\u00e9sitez encore ?\t\t\t\t\t<\/h2>\n\t\t\t\t\n\t\t\t\t\t\t\t\t\t<div class=\"elementor-cta__description elementor-cta__content-item elementor-content-item\">\n\t\t\t\t\t\tTESIA vous accompagne pour d\u00e9nicher le cr\u00e9dit qui correspond parfaitement \u00e0 vos besoins.\t\t\t\t\t<\/div>\n\t\t\t\t\n\t\t\t\t\t\t\t\t\t<div class=\"elementor-cta__button-wrapper elementor-cta__content-item elementor-content-item \">\n\t\t\t\t\t<a class=\"elementor-cta__button elementor-button elementor-size-\" href=\"https:\/\/tesiagrp.com\/index.php\/demander-un-credit\/\">\n\t\t\t\t\t\tDemander un cr\u00e9dit\t\t\t\t\t<\/a>\n\t\t\t\t\t<\/div>\n\t\t\t\t\t\t\t<\/div>\n\t\t\t\t\t\t<\/div>\n\t\t\t\t\t\t<\/div>\n\t\t\t\t<\/div>\n\t\t\t\t\t<\/div>\n\t\t\t\t<\/div>\n\t\t\t\t\t<\/div>\n\t\t\t\t<\/div>\n\t\t\t\t\t<\/div>\n\t\t\t\t<\/div>\n\t\t\t\t\t<\/div>\n\t\t\t\t<\/div>\n\t\t\t\t<\/div>\n\t\t","protected":false},"excerpt":{"rendered":"<p>Rachat de cr\u00e9dit Regroupement de cr\u00e9dits avec TESIA : Simplifiez votre vie financi\u00e8re et all\u00e9gez vos mensualit\u00e9s Un seul cr\u00e9dit, une seule mensualit\u00e9, un souffle nouveau pour votre budget Vous vous sentez \u00e9touff\u00e9 par le poids de multiples cr\u00e9dits en cours, chacun avec ses propres mensualit\u00e9s et taux d&rsquo;int\u00e9r\u00eat ? Le cumul de ces remboursements [&hellip;]<\/p>\n","protected":false},"author":1,"featured_media":0,"parent":0,"menu_order":0,"comment_status":"closed","ping_status":"closed","template":"elementor_header_footer","meta":{"footnotes":""},"class_list":["post-137","page","type-page","status-publish","hentry"],"_links":{"self":[{"href":"https:\/\/tesiagrp.com\/index.php\/wp-json\/wp\/v2\/pages\/137","targetHints":{"allow":["GET"]}}],"collection":[{"href":"https:\/\/tesiagrp.com\/index.php\/wp-json\/wp\/v2\/pages"}],"about":[{"href":"https:\/\/tesiagrp.com\/index.php\/wp-json\/wp\/v2\/types\/page"}],"author":[{"embeddable":true,"href":"https:\/\/tesiagrp.com\/index.php\/wp-json\/wp\/v2\/users\/1"}],"replies":[{"embeddable":true,"href":"https:\/\/tesiagrp.com\/index.php\/wp-json\/wp\/v2\/comments?post=137"}],"version-history":[{"count":68,"href":"https:\/\/tesiagrp.com\/index.php\/wp-json\/wp\/v2\/pages\/137\/revisions"}],"predecessor-version":[{"id":1248,"href":"https:\/\/tesiagrp.com\/index.php\/wp-json\/wp\/v2\/pages\/137\/revisions\/1248"}],"wp:attachment":[{"href":"https:\/\/tesiagrp.com\/index.php\/wp-json\/wp\/v2\/media?parent=137"}],"curies":[{"name":"wp","href":"https:\/\/api.w.org\/{rel}","templated":true}]}}