{"id":131,"date":"2024-03-22T14:07:14","date_gmt":"2024-03-22T13:07:14","guid":{"rendered":"https:\/\/tesiagrp.com\/?page_id=131"},"modified":"2026-04-11T17:29:54","modified_gmt":"2026-04-11T15:29:54","slug":"pret-automobile","status":"publish","type":"page","link":"https:\/\/tesiagrp.com\/index.php\/pret-automobile\/","title":{"rendered":"Pr\u00eat automobile"},"content":{"rendered":"\t\t<div data-elementor-type=\"wp-page\" data-elementor-id=\"131\" class=\"elementor elementor-131\" data-elementor-post-type=\"page\">\n\t\t\t\t<div class=\"elementor-element elementor-element-08fe6c3 e-flex e-con-boxed e-con e-parent\" data-id=\"08fe6c3\" data-element_type=\"container\" data-e-type=\"container\" data-settings=\"{&quot;background_background&quot;:&quot;classic&quot;}\">\n\t\t\t\t\t<div class=\"e-con-inner\">\n\t\t\t\t<div class=\"elementor-element elementor-element-b166801 elementor-widget elementor-widget-heading\" data-id=\"b166801\" data-element_type=\"widget\" data-e-type=\"widget\" data-widget_type=\"heading.default\">\n\t\t\t\t<div class=\"elementor-widget-container\">\n\t\t\t\t\t<h2 class=\"elementor-heading-title elementor-size-default\">Cr\u00e9dit auto : financez votre nouvelle voiture<\/h2>\t\t\t\t<\/div>\n\t\t\t\t<\/div>\n\t\t\t\t\t<\/div>\n\t\t\t\t<\/div>\n\t\t<div class=\"elementor-element elementor-element-84993ef e-flex e-con-boxed e-con e-parent\" data-id=\"84993ef\" data-element_type=\"container\" data-e-type=\"container\">\n\t\t\t\t\t<div class=\"e-con-inner\">\n\t\t<div class=\"elementor-element elementor-element-4b9f3c2 e-flex e-con-boxed e-con e-child\" data-id=\"4b9f3c2\" data-element_type=\"container\" data-e-type=\"container\">\n\t\t\t\t\t<div class=\"e-con-inner\">\n\t\t<div class=\"elementor-element elementor-element-c6dda0a e-con-full e-flex e-con e-child\" data-id=\"c6dda0a\" data-element_type=\"container\" data-e-type=\"container\">\n\t\t\t\t<div class=\"elementor-element elementor-element-fb1052e elementor-widget elementor-widget-heading\" data-id=\"fb1052e\" data-element_type=\"widget\" data-e-type=\"widget\" data-widget_type=\"heading.default\">\n\t\t\t\t<div class=\"elementor-widget-container\">\n\t\t\t\t\t<h2 class=\"elementor-heading-title elementor-size-default\">Cr\u00e9dit auto : trouvez le meilleur pr\u00eat pour l'achat de votre voiture.<\/h2>\t\t\t\t<\/div>\n\t\t\t\t<\/div>\n\t\t\t\t<div class=\"elementor-element elementor-element-a29ec13 elementor-widget elementor-widget-text-editor\" data-id=\"a29ec13\" data-element_type=\"widget\" data-e-type=\"widget\" data-widget_type=\"text-editor.default\">\n\t\t\t\t<div class=\"elementor-widget-container\">\n\t\t\t\t\t\t\t\t\t<p data-start=\"0\" data-end=\"66\">Le cr\u00e9dit automobile est un pr\u00eat contract\u00e9 pour financer un v\u00e9hicule neuf ou d\u2019occasion. En effet, consid\u00e9rant le budget non n\u00e9gligeable requis, il n\u2019est pas possible pour la plupart des m\u00e9nages de disposer de toute la somme imm\u00e9diatement ou de puiser dans leurs \u00e9pargnes. Vous avez envie de financer votre futur v\u00e9hicule personnel : auto, moto, scooter, caravane, bateau, v\u00e9lo \u00e9lectrique&#8230; par un cr\u00e9dit auto ou un cr\u00e9dit moto ? Neuf, occasion de moins d&rsquo;un an, de plus d&rsquo;un an, de plus de 2 ans &#8230; Berline, hybride, monospace, diesel ou essence, de collection&#8230; D\u00e9couvrez nos solutions\u00a0 adapt\u00e9es \u00e0 vos besoins pour obtenir votre pr\u00eat auto.<\/p>\t\t\t\t\t\t\t\t<\/div>\n\t\t\t\t<\/div>\n\t\t\t\t<div class=\"elementor-element elementor-element-552b20f elementor-widget elementor-widget-button\" data-id=\"552b20f\" data-element_type=\"widget\" data-e-type=\"widget\" data-widget_type=\"button.default\">\n\t\t\t\t<div class=\"elementor-widget-container\">\n\t\t\t\t\t\t\t\t\t<div class=\"elementor-button-wrapper\">\n\t\t\t\t\t<a class=\"elementor-button elementor-button-link elementor-size-sm\" href=\"https:\/\/tesiagrp.com\/index.php\/demander-un-credit\/\">\n\t\t\t\t\t\t<span class=\"elementor-button-content-wrapper\">\n\t\t\t\t\t\t\t\t\t<span class=\"elementor-button-text\">Demander un cr\u00e9dit<\/span>\n\t\t\t\t\t<\/span>\n\t\t\t\t\t<\/a>\n\t\t\t\t<\/div>\n\t\t\t\t\t\t\t\t<\/div>\n\t\t\t\t<\/div>\n\t\t\t\t<\/div>\n\t\t<div class=\"elementor-element elementor-element-83407a5 e-con-full e-flex e-con e-child\" data-id=\"83407a5\" data-element_type=\"container\" data-e-type=\"container\">\n\t\t\t\t<div class=\"elementor-element elementor-element-47ed79d elementor-widget elementor-widget-image\" data-id=\"47ed79d\" data-element_type=\"widget\" data-e-type=\"widget\" data-widget_type=\"image.default\">\n\t\t\t\t<div class=\"elementor-widget-container\">\n\t\t\t\t\t\t\t\t\t\t\t\t\t\t\t<img fetchpriority=\"high\" decoding=\"async\" width=\"800\" height=\"447\" src=\"https:\/\/tesiagrp.com\/wp-content\/uploads\/2026\/04\/credito-auto-vehiculo-ocasion-1024x572.webp\" class=\"attachment-large size-large wp-image-1068\" alt=\"\" srcset=\"https:\/\/tesiagrp.com\/wp-content\/uploads\/2026\/04\/credito-auto-vehiculo-ocasion-1024x572.webp 1024w, https:\/\/tesiagrp.com\/wp-content\/uploads\/2026\/04\/credito-auto-vehiculo-ocasion-300x167.webp 300w, https:\/\/tesiagrp.com\/wp-content\/uploads\/2026\/04\/credito-auto-vehiculo-ocasion-768x429.webp 768w, https:\/\/tesiagrp.com\/wp-content\/uploads\/2026\/04\/credito-auto-vehiculo-ocasion.webp 1376w\" sizes=\"(max-width: 800px) 100vw, 800px\" \/>\t\t\t\t\t\t\t\t\t\t\t\t\t\t\t<\/div>\n\t\t\t\t<\/div>\n\t\t\t\t<\/div>\n\t\t\t\t\t<\/div>\n\t\t\t\t<\/div>\n\t\t\t\t\t<\/div>\n\t\t\t\t<\/div>\n\t\t<div class=\"elementor-element elementor-element-a355e8c e-flex e-con-boxed e-con e-parent\" data-id=\"a355e8c\" data-element_type=\"container\" data-e-type=\"container\">\n\t\t\t\t\t<div class=\"e-con-inner\">\n\t\t<div class=\"elementor-element elementor-element-0e7d4b4 e-flex e-con-boxed e-con e-child\" data-id=\"0e7d4b4\" data-element_type=\"container\" data-e-type=\"container\" data-settings=\"{&quot;shape_divider_top&quot;:&quot;triangle-asymmetrical&quot;}\">\n\t\t\t\t\t<div class=\"e-con-inner\">\n\t\t\t\t<div class=\"elementor-shape elementor-shape-top\" aria-hidden=\"true\" data-negative=\"false\">\n\t\t\t<svg xmlns=\"http:\/\/www.w3.org\/2000\/svg\" viewBox=\"0 0 1000 100\" preserveAspectRatio=\"none\">\n\t<path class=\"elementor-shape-fill\" d=\"M738,99l262-93V0H0v5.6L738,99z\"\/>\n<\/svg>\t\t<\/div>\n\t\t\t\t<div class=\"elementor-element elementor-element-b16c836 elementor-widget elementor-widget-heading\" data-id=\"b16c836\" data-element_type=\"widget\" data-e-type=\"widget\" data-widget_type=\"heading.default\">\n\t\t\t\t<div class=\"elementor-widget-container\">\n\t\t\t\t\t<h2 class=\"elementor-heading-title elementor-size-default\">Les avantages du cr\u00e9dit automobile <\/h2>\t\t\t\t<\/div>\n\t\t\t\t<\/div>\n\t\t\t\t<div class=\"elementor-element elementor-element-cb115ae elementor-widget elementor-widget-text-editor\" data-id=\"cb115ae\" data-element_type=\"widget\" data-e-type=\"widget\" data-widget_type=\"text-editor.default\">\n\t\t\t\t<div class=\"elementor-widget-container\">\n\t\t\t\t\t\t\t\t\t<h4>Caract\u00e9ristiques du pr\u00eat<\/h4><ul><li><strong>Montant finan\u00e7able :<\/strong>\u00a0de 5 000 \u20ac \u00e0 60 000 \u20ac<\/li><li><strong>Dur\u00e9e de remboursement :<\/strong>\u00a0de 12 \u00e0 84 mois<\/li><li><strong>TAEG fixe :<\/strong>\u00a0entre 2,8 % et 3,1 % selon votre profil et la dur\u00e9e choisie<\/li><li><strong>Amortissement personnalis\u00e9 :<\/strong>\u00a0choisissez des mensualit\u00e9s constantes ou modulables<\/li><\/ul><p>Le TAEG (Taux Annuel Effectif Global) inclus tous les frais obligatoires : int\u00e9r\u00eats, frais de dossier, assurance facultative mais recommand\u00e9e. Vous b\u00e9n\u00e9ficiez ainsi d\u2019une transparence totale sur le co\u00fbt r\u00e9el de votre cr\u00e9dit.<\/p>\t\t\t\t\t\t\t\t<\/div>\n\t\t\t\t<\/div>\n\t\t\t\t<div class=\"elementor-element elementor-element-a50e26a elementor-widget elementor-widget-image\" data-id=\"a50e26a\" data-element_type=\"widget\" data-e-type=\"widget\" data-widget_type=\"image.default\">\n\t\t\t\t<div class=\"elementor-widget-container\">\n\t\t\t\t\t\t\t\t\t\t\t\t\t\t\t<img decoding=\"async\" width=\"800\" height=\"402\" src=\"https:\/\/tesiagrp.com\/wp-content\/uploads\/2026\/04\/VW_31-12-2028_ST_16-9_Interior-and-exterior-protection_Automotive_Elektro_Familie_Werterhalt_2x1_3x2-Copie-e1773134869307-1536x773-1-1024x515.webp\" class=\"attachment-large size-large wp-image-1203\" alt=\"\" srcset=\"https:\/\/tesiagrp.com\/wp-content\/uploads\/2026\/04\/VW_31-12-2028_ST_16-9_Interior-and-exterior-protection_Automotive_Elektro_Familie_Werterhalt_2x1_3x2-Copie-e1773134869307-1536x773-1-1024x515.webp 1024w, https:\/\/tesiagrp.com\/wp-content\/uploads\/2026\/04\/VW_31-12-2028_ST_16-9_Interior-and-exterior-protection_Automotive_Elektro_Familie_Werterhalt_2x1_3x2-Copie-e1773134869307-1536x773-1-300x151.webp 300w, https:\/\/tesiagrp.com\/wp-content\/uploads\/2026\/04\/VW_31-12-2028_ST_16-9_Interior-and-exterior-protection_Automotive_Elektro_Familie_Werterhalt_2x1_3x2-Copie-e1773134869307-1536x773-1-768x387.webp 768w, https:\/\/tesiagrp.com\/wp-content\/uploads\/2026\/04\/VW_31-12-2028_ST_16-9_Interior-and-exterior-protection_Automotive_Elektro_Familie_Werterhalt_2x1_3x2-Copie-e1773134869307-1536x773-1.webp 1536w\" sizes=\"(max-width: 800px) 100vw, 800px\" \/>\t\t\t\t\t\t\t\t\t\t\t\t\t\t\t<\/div>\n\t\t\t\t<\/div>\n\t\t\t\t<div class=\"elementor-element elementor-element-6428bd5 elementor-widget elementor-widget-text-editor\" data-id=\"6428bd5\" data-element_type=\"widget\" data-e-type=\"widget\" data-widget_type=\"text-editor.default\">\n\t\t\t\t<div class=\"elementor-widget-container\">\n\t\t\t\t\t\t\t\t\t<h4>Avantages exclusifs TESIA<\/h4><ul><li>D\u00e9cision de financement sous 48 heures ouvr\u00e9es<\/li><li>Remboursement anticip\u00e9 total ou partiel sans p\u00e9nalit\u00e9<\/li><li>Possibilit\u00e9 d\u2019ajouter une assurance facultative couvrant d\u00e9c\u00e8s, perte d\u2019emploi ou invalidit\u00e9<\/li><\/ul>\t\t\t\t\t\t\t\t<\/div>\n\t\t\t\t<\/div>\n\t\t\t\t\t<\/div>\n\t\t\t\t<\/div>\n\t\t\t\t\t<\/div>\n\t\t\t\t<\/div>\n\t\t<div class=\"elementor-element elementor-element-52d4d86 e-flex e-con-boxed e-con e-parent\" data-id=\"52d4d86\" data-element_type=\"container\" data-e-type=\"container\">\n\t\t\t\t\t<div class=\"e-con-inner\">\n\t\t<div class=\"elementor-element elementor-element-49a3a24 e-flex e-con-boxed e-con e-child\" data-id=\"49a3a24\" data-element_type=\"container\" data-e-type=\"container\">\n\t\t\t\t\t<div class=\"e-con-inner\">\n\t\t\t\t<div class=\"elementor-element elementor-element-1db92cd elementor-cta--skin-classic elementor-animated-content elementor-bg-transform elementor-bg-transform-zoom-in elementor-widget elementor-widget-call-to-action\" data-id=\"1db92cd\" data-element_type=\"widget\" data-e-type=\"widget\" data-widget_type=\"call-to-action.default\">\n\t\t\t\t<div class=\"elementor-widget-container\">\n\t\t\t\t\t\t\t<div class=\"elementor-cta\">\n\t\t\t\t\t\t\t<div class=\"elementor-cta__content\">\n\t\t\t\t\n\t\t\t\t\t\t\t\t\t<h2 class=\"elementor-cta__title elementor-cta__content-item elementor-content-item\">\n\t\t\t\t\t\tVous h\u00e9sitez encore ?\t\t\t\t\t<\/h2>\n\t\t\t\t\n\t\t\t\t\t\t\t\t\t<div class=\"elementor-cta__description elementor-cta__content-item elementor-content-item\">\n\t\t\t\t\t\tTESIA vous accompagne pour trouver le cr\u00e9dit parfaitement adapt\u00e9 \u00e0 votre situation.\t\t\t\t\t<\/div>\n\t\t\t\t\n\t\t\t\t\t\t\t\t\t<div class=\"elementor-cta__button-wrapper elementor-cta__content-item elementor-content-item \">\n\t\t\t\t\t<a class=\"elementor-cta__button elementor-button elementor-size-\" href=\"https:\/\/tesiagrp.com\/index.php\/demander-un-credit\/\">\n\t\t\t\t\t\tDemander un cr\u00e9dit\t\t\t\t\t<\/a>\n\t\t\t\t\t<\/div>\n\t\t\t\t\t\t\t<\/div>\n\t\t\t\t\t\t<\/div>\n\t\t\t\t\t\t<\/div>\n\t\t\t\t<\/div>\n\t\t\t\t\t<\/div>\n\t\t\t\t<\/div>\n\t\t\t\t\t<\/div>\n\t\t\t\t<\/div>\n\t\t\t\t<\/div>\n\t\t","protected":false},"excerpt":{"rendered":"<p>Cr\u00e9dit auto : financez votre nouvelle voiture Cr\u00e9dit auto : trouvez le meilleur pr\u00eat pour l&rsquo;achat de votre voiture. Le cr\u00e9dit automobile est un pr\u00eat contract\u00e9 pour financer un v\u00e9hicule neuf ou d\u2019occasion. En effet, consid\u00e9rant le budget non n\u00e9gligeable requis, il n\u2019est pas possible pour la plupart des m\u00e9nages de disposer de toute la [&hellip;]<\/p>\n","protected":false},"author":1,"featured_media":0,"parent":0,"menu_order":0,"comment_status":"closed","ping_status":"closed","template":"elementor_header_footer","meta":{"footnotes":""},"class_list":["post-131","page","type-page","status-publish","hentry"],"_links":{"self":[{"href":"https:\/\/tesiagrp.com\/index.php\/wp-json\/wp\/v2\/pages\/131","targetHints":{"allow":["GET"]}}],"collection":[{"href":"https:\/\/tesiagrp.com\/index.php\/wp-json\/wp\/v2\/pages"}],"about":[{"href":"https:\/\/tesiagrp.com\/index.php\/wp-json\/wp\/v2\/types\/page"}],"author":[{"embeddable":true,"href":"https:\/\/tesiagrp.com\/index.php\/wp-json\/wp\/v2\/users\/1"}],"replies":[{"embeddable":true,"href":"https:\/\/tesiagrp.com\/index.php\/wp-json\/wp\/v2\/comments?post=131"}],"version-history":[{"count":58,"href":"https:\/\/tesiagrp.com\/index.php\/wp-json\/wp\/v2\/pages\/131\/revisions"}],"predecessor-version":[{"id":1209,"href":"https:\/\/tesiagrp.com\/index.php\/wp-json\/wp\/v2\/pages\/131\/revisions\/1209"}],"wp:attachment":[{"href":"https:\/\/tesiagrp.com\/index.php\/wp-json\/wp\/v2\/media?parent=131"}],"curies":[{"name":"wp","href":"https:\/\/api.w.org\/{rel}","templated":true}]}}