{"id":129,"date":"2024-03-22T14:06:50","date_gmt":"2024-03-22T13:06:50","guid":{"rendered":"https:\/\/tesiagrp.com\/?page_id=129"},"modified":"2026-04-11T17:18:48","modified_gmt":"2026-04-11T15:18:48","slug":"pret-personnel","status":"publish","type":"page","link":"https:\/\/tesiagrp.com\/index.php\/pret-personnel\/","title":{"rendered":"Pr\u00eat personnel"},"content":{"rendered":"\t\t<div data-elementor-type=\"wp-page\" data-elementor-id=\"129\" class=\"elementor elementor-129\" data-elementor-post-type=\"page\">\n\t\t\t\t<div class=\"elementor-element elementor-element-400b0f9 e-flex e-con-boxed e-con e-parent\" data-id=\"400b0f9\" data-element_type=\"container\" data-e-type=\"container\" data-settings=\"{&quot;background_background&quot;:&quot;classic&quot;}\">\n\t\t\t\t\t<div class=\"e-con-inner\">\n\t\t\t\t<div class=\"elementor-element elementor-element-e6d9cb2 elementor-widget elementor-widget-heading\" data-id=\"e6d9cb2\" data-element_type=\"widget\" data-e-type=\"widget\" data-widget_type=\"heading.default\">\n\t\t\t\t<div class=\"elementor-widget-container\">\n\t\t\t\t\t<h2 class=\"elementor-heading-title elementor-size-default\">Financez vos projets gr\u00e2ce \u00e0 notre pr\u00eat perso<\/h2>\t\t\t\t<\/div>\n\t\t\t\t<\/div>\n\t\t\t\t\t<\/div>\n\t\t\t\t<\/div>\n\t\t<div class=\"elementor-element elementor-element-35dbaa7 e-flex e-con-boxed e-con e-parent\" data-id=\"35dbaa7\" data-element_type=\"container\" data-e-type=\"container\">\n\t\t\t\t\t<div class=\"e-con-inner\">\n\t\t<div class=\"elementor-element elementor-element-85efde6 e-con-full e-flex e-con e-child\" data-id=\"85efde6\" data-element_type=\"container\" data-e-type=\"container\">\n\t\t\t\t<div class=\"elementor-element elementor-element-6428e56 elementor-widget elementor-widget-heading\" data-id=\"6428e56\" data-element_type=\"widget\" data-e-type=\"widget\" data-widget_type=\"heading.default\">\n\t\t\t\t<div class=\"elementor-widget-container\">\n\t\t\t\t\t<h2 class=\"elementor-heading-title elementor-size-default\">D\u00e9finition : pr\u00eat personnel, cr\u00e9dit personnel<\/h2>\t\t\t\t<\/div>\n\t\t\t\t<\/div>\n\t\t\t\t<div class=\"elementor-element elementor-element-e16bda0 elementor-widget elementor-widget-text-editor\" data-id=\"e16bda0\" data-element_type=\"widget\" data-e-type=\"widget\" data-widget_type=\"text-editor.default\">\n\t\t\t\t<div class=\"elementor-widget-container\">\n\t\t\t\t\t\t\t\t\t<p>Le terme\u00a0<strong>pr\u00eat personnel<\/strong>\u00a0est couramment utilis\u00e9 par le public. Sur le plan pratique, il s\u2019agit d\u2019un\u00a0<strong>cr\u00e9dit personnel<\/strong> destin\u00e9 \u00e0 financer des besoins priv\u00e9s.<\/p>\t\t\t\t\t\t\t\t<\/div>\n\t\t\t\t<\/div>\n\t\t\t\t<div class=\"elementor-element elementor-element-48842a9 elementor-widget elementor-widget-heading\" data-id=\"48842a9\" data-element_type=\"widget\" data-e-type=\"widget\" data-widget_type=\"heading.default\">\n\t\t\t\t<div class=\"elementor-widget-container\">\n\t\t\t\t\t<h2 class=\"elementor-heading-title elementor-size-default\">Quels projets financer avec un pr\u00eat personnel ?<\/h2>\t\t\t\t<\/div>\n\t\t\t\t<\/div>\n\t\t\t\t<div class=\"elementor-element elementor-element-8729fd7 elementor-widget elementor-widget-text-editor\" data-id=\"8729fd7\" data-element_type=\"widget\" data-e-type=\"widget\" data-widget_type=\"text-editor.default\">\n\t\t\t\t<div class=\"elementor-widget-container\">\n\t\t\t\t\t\t\t\t\t<p>Un\u00a0<strong>pr\u00eat personnel<\/strong> peut servir \u00e0 financer des besoins priv\u00e9s vari\u00e9s : achat d\u2019un bien meuble, achat d\u2019un service, ou financement de d\u00e9penses priv\u00e9es. L\u2019essentiel est de choisir un montant et une dur\u00e9e coh\u00e9rents avec votre budget.<\/p>\t\t\t\t\t\t\t\t<\/div>\n\t\t\t\t<\/div>\n\t\t\t\t<div class=\"elementor-element elementor-element-fddf662 elementor-widget elementor-widget-button\" data-id=\"fddf662\" data-element_type=\"widget\" data-e-type=\"widget\" data-widget_type=\"button.default\">\n\t\t\t\t<div class=\"elementor-widget-container\">\n\t\t\t\t\t\t\t\t\t<div class=\"elementor-button-wrapper\">\n\t\t\t\t\t<a class=\"elementor-button elementor-button-link elementor-size-sm\" href=\"https:\/\/tesiagrp.com\/index.php\/demander-un-credit\/\">\n\t\t\t\t\t\t<span class=\"elementor-button-content-wrapper\">\n\t\t\t\t\t\t\t\t\t<span class=\"elementor-button-text\">Demander un cr\u00e9dit<\/span>\n\t\t\t\t\t<\/span>\n\t\t\t\t\t<\/a>\n\t\t\t\t<\/div>\n\t\t\t\t\t\t\t\t<\/div>\n\t\t\t\t<\/div>\n\t\t\t\t<\/div>\n\t\t<div class=\"elementor-element elementor-element-f933669 e-con-full e-flex e-con e-child\" data-id=\"f933669\" data-element_type=\"container\" data-e-type=\"container\">\n\t\t\t\t<div class=\"elementor-element elementor-element-2e1d388 elementor-widget elementor-widget-image\" data-id=\"2e1d388\" data-element_type=\"widget\" data-e-type=\"widget\" data-widget_type=\"image.default\">\n\t\t\t\t<div class=\"elementor-widget-container\">\n\t\t\t\t\t\t\t\t\t\t\t\t\t\t\t<img fetchpriority=\"high\" decoding=\"async\" width=\"640\" height=\"405\" src=\"https:\/\/tesiagrp.com\/wp-content\/uploads\/2026\/04\/gemini-generated-image-6libwh6libwh6lib.png\" class=\"attachment-large size-large wp-image-1140\" alt=\"\" srcset=\"https:\/\/tesiagrp.com\/wp-content\/uploads\/2026\/04\/gemini-generated-image-6libwh6libwh6lib.png 640w, https:\/\/tesiagrp.com\/wp-content\/uploads\/2026\/04\/gemini-generated-image-6libwh6libwh6lib-300x190.png 300w\" sizes=\"(max-width: 640px) 100vw, 640px\" \/>\t\t\t\t\t\t\t\t\t\t\t\t\t\t\t<\/div>\n\t\t\t\t<\/div>\n\t\t\t\t<\/div>\n\t\t\t\t\t<\/div>\n\t\t\t\t<\/div>\n\t\t<div class=\"elementor-element elementor-element-04c402c e-flex e-con-boxed e-con e-parent\" data-id=\"04c402c\" data-element_type=\"container\" data-e-type=\"container\" data-settings=\"{&quot;shape_divider_top&quot;:&quot;triangle-asymmetrical&quot;}\">\n\t\t\t\t\t<div class=\"e-con-inner\">\n\t\t\t\t<div class=\"elementor-shape elementor-shape-top\" aria-hidden=\"true\" data-negative=\"false\">\n\t\t\t<svg xmlns=\"http:\/\/www.w3.org\/2000\/svg\" viewBox=\"0 0 1000 100\" preserveAspectRatio=\"none\">\n\t<path class=\"elementor-shape-fill\" d=\"M738,99l262-93V0H0v5.6L738,99z\"\/>\n<\/svg>\t\t<\/div>\n\t\t\t\t<div class=\"elementor-element elementor-element-cd4ab5d elementor-widget elementor-widget-heading\" data-id=\"cd4ab5d\" data-element_type=\"widget\" data-e-type=\"widget\" data-widget_type=\"heading.default\">\n\t\t\t\t<div class=\"elementor-widget-container\">\n\t\t\t\t\t<h2 class=\"elementor-heading-title elementor-size-default\">Les avantages du Pr\u00eat Personnel<\/h2>\t\t\t\t<\/div>\n\t\t\t\t<\/div>\n\t\t\t\t<div class=\"elementor-element elementor-element-3465e3b elementor-widget elementor-widget-text-editor\" data-id=\"3465e3b\" data-element_type=\"widget\" data-e-type=\"widget\" data-widget_type=\"text-editor.default\">\n\t\t\t\t<div class=\"elementor-widget-container\">\n\t\t\t\t\t\t\t\t\t<h3><strong>Documents et informations \u00e0 pr\u00e9parer pour un pr\u00eat personnel<\/strong><\/h3><p>Pour un traitement correct d\u2019une demande de\u00a0<strong>cr\u00e9dit personnel<\/strong>, il est recommand\u00e9 de pr\u00e9parer \u00e0 l\u2019avance les informations permettant l\u2019analyse. La liste exacte d\u00e9pend du dossier, mais on retrouve souvent :<\/p><ul><li>pi\u00e8ce d\u2019identit\u00e9 valide ;<\/li><li>justificatifs de revenus r\u00e9cents ;<\/li><li>informations sur les charges (loyer, cr\u00e9dits existants, pensions, etc.) ;<\/li><li>selon les cas, extraits de compte r\u00e9cents.<\/li><\/ul>\t\t\t\t\t\t\t\t<\/div>\n\t\t\t\t<\/div>\n\t\t\t\t<div class=\"elementor-element elementor-element-a85c587 elementor-widget elementor-widget-text-editor\" data-id=\"a85c587\" data-element_type=\"widget\" data-e-type=\"widget\" data-widget_type=\"text-editor.default\">\n\t\t\t\t<div class=\"elementor-widget-container\">\n\t\t\t\t\t\t\t\t\t<h3><strong>Pas de mauvaise surprise<\/strong><\/h3><p>Caract\u00e9ristiques : Montants : de 5000\u202f\u20ac \u00e0 150\u202f000\u202f\u20ac Dur\u00e9e de remboursement : 6 \u00e0 120 mois, selon votre capacit\u00e9 de remboursement Taux : fixe, clair et transparent Processus rapide : \u00e9tude de dossier en 48h.<\/p>\t\t\t\t\t\t\t\t<\/div>\n\t\t\t\t<\/div>\n\t\t\t\t\t<\/div>\n\t\t\t\t<\/div>\n\t\t<div class=\"elementor-element elementor-element-44d81c7 e-flex e-con-boxed e-con e-parent\" data-id=\"44d81c7\" data-element_type=\"container\" data-e-type=\"container\">\n\t\t\t\t\t<div class=\"e-con-inner\">\n\t\t\t\t<div class=\"elementor-element elementor-element-fc2829a elementor-cta--skin-classic elementor-animated-content elementor-bg-transform elementor-bg-transform-zoom-in elementor-widget elementor-widget-call-to-action\" data-id=\"fc2829a\" data-element_type=\"widget\" data-e-type=\"widget\" data-widget_type=\"call-to-action.default\">\n\t\t\t\t<div class=\"elementor-widget-container\">\n\t\t\t\t\t\t\t<div class=\"elementor-cta\">\n\t\t\t\t\t\t\t<div class=\"elementor-cta__content\">\n\t\t\t\t\n\t\t\t\t\t\t\t\t\t<h2 class=\"elementor-cta__title elementor-cta__content-item elementor-content-item\">\n\t\t\t\t\t\tVous h\u00e9sitez encore ?\t\t\t\t\t<\/h2>\n\t\t\t\t\n\t\t\t\t\t\t\t\t\t<div class=\"elementor-cta__description elementor-cta__content-item elementor-content-item\">\n\t\t\t\t\t\tTESIA vous accompagne pour d\u00e9nicher le cr\u00e9dit parfaitement adapt\u00e9 \u00e0 vos besoins.\t\t\t\t\t<\/div>\n\t\t\t\t\n\t\t\t\t\t\t\t\t\t<div class=\"elementor-cta__button-wrapper elementor-cta__content-item elementor-content-item \">\n\t\t\t\t\t<a class=\"elementor-cta__button elementor-button elementor-size-\" href=\"https:\/\/tesiagrp.com\/index.php\/demander-un-credit\/\">\n\t\t\t\t\t\tDemander un cr\u00e9dit\t\t\t\t\t<\/a>\n\t\t\t\t\t<\/div>\n\t\t\t\t\t\t\t<\/div>\n\t\t\t\t\t\t<\/div>\n\t\t\t\t\t\t<\/div>\n\t\t\t\t<\/div>\n\t\t\t\t\t<\/div>\n\t\t\t\t<\/div>\n\t\t\t\t<\/div>\n\t\t","protected":false},"excerpt":{"rendered":"<p>Financez vos projets gr\u00e2ce \u00e0 notre pr\u00eat perso D\u00e9finition : pr\u00eat personnel, cr\u00e9dit personnel Le terme\u00a0pr\u00eat personnel\u00a0est couramment utilis\u00e9 par le public. Sur le plan pratique, il s\u2019agit d\u2019un\u00a0cr\u00e9dit personnel destin\u00e9 \u00e0 financer des besoins priv\u00e9s. Quels projets financer avec un pr\u00eat personnel ? Un\u00a0pr\u00eat personnel peut servir \u00e0 financer des besoins priv\u00e9s vari\u00e9s : [&hellip;]<\/p>\n","protected":false},"author":1,"featured_media":0,"parent":0,"menu_order":0,"comment_status":"closed","ping_status":"closed","template":"elementor_header_footer","meta":{"footnotes":""},"class_list":["post-129","page","type-page","status-publish","hentry"],"_links":{"self":[{"href":"https:\/\/tesiagrp.com\/index.php\/wp-json\/wp\/v2\/pages\/129","targetHints":{"allow":["GET"]}}],"collection":[{"href":"https:\/\/tesiagrp.com\/index.php\/wp-json\/wp\/v2\/pages"}],"about":[{"href":"https:\/\/tesiagrp.com\/index.php\/wp-json\/wp\/v2\/types\/page"}],"author":[{"embeddable":true,"href":"https:\/\/tesiagrp.com\/index.php\/wp-json\/wp\/v2\/users\/1"}],"replies":[{"embeddable":true,"href":"https:\/\/tesiagrp.com\/index.php\/wp-json\/wp\/v2\/comments?post=129"}],"version-history":[{"count":70,"href":"https:\/\/tesiagrp.com\/index.php\/wp-json\/wp\/v2\/pages\/129\/revisions"}],"predecessor-version":[{"id":1187,"href":"https:\/\/tesiagrp.com\/index.php\/wp-json\/wp\/v2\/pages\/129\/revisions\/1187"}],"wp:attachment":[{"href":"https:\/\/tesiagrp.com\/index.php\/wp-json\/wp\/v2\/media?parent=129"}],"curies":[{"name":"wp","href":"https:\/\/api.w.org\/{rel}","templated":true}]}}